{"id":178924,"date":"2026-03-03T14:37:56","date_gmt":"2026-03-03T14:37:56","guid":{"rendered":"https:\/\/e-framer.ch\/?post_type=product&#038;p=178924"},"modified":"2026-04-25T22:15:59","modified_gmt":"2026-04-25T22:15:59","slug":"bouteille-deau-avec-support-kopie-kopie","status":"publish","type":"product","link":"https:\/\/e-framer.ch\/fr\/produkt\/bouteille-deau-avec-support-kopie-kopie\/","title":{"rendered":"Assurance e-bike premium"},"content":{"rendered":"<div class=\"wpb-content-wrapper\"><p>[vc_row][vc_column width=\u00a0\u00bb1\/1&Prime;][vc_column_text uncode_shortcode_id=\u00a0\u00bb612606&Prime;]<strong>La vignette Bikefinder avec service Lost &amp; Found<\/strong><br \/>\nPour que ton v\u00e9lo retrouve rapidement sa place chez toi. Enregistre d\u00e8s maintenant ton Suisse Velo ID <\/p>\n<p><strong>Tension<\/strong><br \/>\nPrise en charge des frais de r\u00e9paration apr\u00e8s une chute<\/p>\n<p><strong>Assistance en cas de panne<\/strong><br \/>\nTransport jusqu&rsquo;au garage le plus proche<\/p>\n<p><strong>V\u00e9lo de remplacement en cas de r\u00e9paration<\/strong><br \/>\nEn cas de r\u00e9paration, nous prenons en charge les frais d&rsquo;un v\u00e9lo de location jusqu&rsquo;\u00e0 500 CHF.<\/p>\n<p><strong>Vol<\/strong><br \/>\nPrise en charge des frais en cas de vol ou de ta franchise<\/p>\n<p><strong>Somme d&rsquo;assurance<\/strong><br \/>\nCHF 6&rsquo;000<\/p>\n<p><strong>Franchise<\/strong><br \/>\nVol sans franchise D\u00e9g\u00e2ts 10% de franchise (min. CHF 100)<br \/>\nPas de franchise en cas de vol[\/vc_column_text][\/vc_column][\/vc_row]<\/p>\n<\/div>","protected":false},"excerpt":{"rendered":"<p>Une panne ? Un dommage ? Un vol ? Ton v\u00e9lo \u00e9lectrique t&rsquo;est cher \u2013 et co\u00fbteux. Toute m\u00e9saventure est donc tr\u00e8s ennuyeuse. Il n&rsquo;est pas toujours possible de l&rsquo;\u00e9viter. Mais tu peux t&rsquo;assurer. L&rsquo;assurance e-Bike Premium de Suisse Velo (Helvetia) te prot\u00e8ge toi et ton e-Bike contre le vol et les dommages. Inclus l&rsquo;assistance en cas de panne et un v\u00e9lo de remplacement.         <\/p>\n","protected":false},"featured_media":179003,"template":"","meta":[],"product_brand":[],"product_cat":[414,419,365,409,377,371,424,403,366],"product_tag":[],"class_list":{"0":"post-178924","1":"product","2":"type-product","3":"status-publish","4":"has-post-thumbnail","6":"product_cat-accessoires-courroie","7":"product_cat-accessoires-cruise","8":"product_cat-accessoires-light","9":"product_cat-accessoires-pro","10":"product_cat-accessoires-sl","11":"product_cat-accessoires-sport","12":"product_cat-accessoires-tour","13":"product_cat-accessoires-travel","14":"product_cat-accessoires-vus","16":"first","17":"instock","18":"sale","19":"taxable","20":"shipping-taxable","21":"purchasable","22":"product-type-simple"},"yoast_head":"<!-- This site is optimized with the Yoast SEO Premium plugin v27.4 (Yoast SEO v27.4) - https:\/\/yoast.com\/product\/yoast-seo-premium-wordpress\/ -->\n<title>Assurance e-bike premium - eFRAMER \u2013 Premium Swiss e-Bikes &amp; Services<\/title>\n<meta name=\"robots\" content=\"index, follow, max-snippet:-1, max-image-preview:large, max-video-preview:-1\" \/>\n<link rel=\"canonical\" href=\"https:\/\/e-framer.ch\/fr\/produkt\/bouteille-deau-avec-support-kopie-kopie\/\" \/>\n<meta property=\"og:locale\" content=\"fr_FR\" \/>\n<meta property=\"og:type\" content=\"article\" \/>\n<meta property=\"og:title\" content=\"Assurance e-bike premium\" \/>\n<meta property=\"og:description\" content=\"Une panne ? Un dommage ? Un vol ? Ton v\u00e9lo \u00e9lectrique t&#039;est cher - et co\u00fbteux. Toute m\u00e9saventure est donc tr\u00e8s ennuyeuse. Il n&#039;est pas toujours possible de l&#039;\u00e9viter. Mais tu peux t&#039;assurer. L&#039;assurance e-Bike Premium de Suisse Velo (Helvetia) te prot\u00e8ge toi et ton e-Bike contre le vol et les dommages. Inclus l&#039;assistance en cas de panne et un v\u00e9lo de remplacement.\" \/>\n<meta property=\"og:url\" content=\"https:\/\/e-framer.ch\/fr\/produkt\/bouteille-deau-avec-support-kopie-kopie\/\" \/>\n<meta property=\"og:site_name\" content=\"eFRAMER \u2013 Premium Swiss e-Bikes &amp; Services\" \/>\n<meta property=\"article:publisher\" content=\"https:\/\/www.facebook.com\/profile.php?id=100063641028577#\" \/>\n<meta property=\"article:modified_time\" content=\"2026-04-25T22:15:59+00:00\" \/>\n<meta property=\"og:image\" content=\"https:\/\/e-framer.ch\/wp-content\/uploads\/2026\/03\/eFRAMER-Zubehoer.png\" \/>\n\t<meta property=\"og:image:width\" content=\"1000\" \/>\n\t<meta property=\"og:image:height\" content=\"1000\" \/>\n\t<meta property=\"og:image:type\" content=\"image\/png\" \/>\n<meta name=\"twitter:card\" content=\"summary_large_image\" \/>\n<meta name=\"twitter:label1\" content=\"Prix\" \/>\n\t<meta name=\"twitter:data1\" content=\"&#067;&#072;&#070;&nbsp;55.92\" \/>\n\t<meta name=\"twitter:label2\" content=\"Disponibilit\u00e9\" \/>\n\t<meta name=\"twitter:data2\" content=\"En stock\" \/>\n<script type=\"application\/ld+json\" class=\"yoast-schema-graph\">{\"@context\":\"https:\\\/\\\/schema.org\",\"@graph\":[{\"@type\":\"WebPage\",\"@id\":\"https:\\\/\\\/e-framer.ch\\\/fr\\\/produkt\\\/bouteille-deau-avec-support-kopie-kopie\\\/\",\"url\":\"https:\\\/\\\/e-framer.ch\\\/fr\\\/produkt\\\/bouteille-deau-avec-support-kopie-kopie\\\/\",\"name\":\"Assurance e-bike premium - eFRAMER \u2013 Premium Swiss e-Bikes &amp; Services\",\"isPartOf\":{\"@id\":\"https:\\\/\\\/e-framer.ch\\\/fr\\\/#website\"},\"primaryImageOfPage\":{\"@id\":\"https:\\\/\\\/e-framer.ch\\\/fr\\\/produkt\\\/bouteille-deau-avec-support-kopie-kopie\\\/#primaryimage\"},\"image\":{\"@id\":\"https:\\\/\\\/e-framer.ch\\\/fr\\\/produkt\\\/bouteille-deau-avec-support-kopie-kopie\\\/#primaryimage\"},\"thumbnailUrl\":\"https:\\\/\\\/e-framer.ch\\\/wp-content\\\/uploads\\\/2026\\\/03\\\/eFRAMER-Zubehoer.png\",\"datePublished\":\"2026-03-03T14:37:56+00:00\",\"dateModified\":\"2026-04-25T22:15:59+00:00\",\"breadcrumb\":{\"@id\":\"https:\\\/\\\/e-framer.ch\\\/fr\\\/produkt\\\/bouteille-deau-avec-support-kopie-kopie\\\/#breadcrumb\"},\"inLanguage\":\"fr-FR\",\"potentialAction\":[{\"@type\":\"ReadAction\",\"target\":[\"https:\\\/\\\/e-framer.ch\\\/fr\\\/produkt\\\/bouteille-deau-avec-support-kopie-kopie\\\/\"]}]},{\"@type\":\"ImageObject\",\"inLanguage\":\"fr-FR\",\"@id\":\"https:\\\/\\\/e-framer.ch\\\/fr\\\/produkt\\\/bouteille-deau-avec-support-kopie-kopie\\\/#primaryimage\",\"url\":\"https:\\\/\\\/e-framer.ch\\\/wp-content\\\/uploads\\\/2026\\\/03\\\/eFRAMER-Zubehoer.png\",\"contentUrl\":\"https:\\\/\\\/e-framer.ch\\\/wp-content\\\/uploads\\\/2026\\\/03\\\/eFRAMER-Zubehoer.png\",\"width\":1000,\"height\":1000},{\"@type\":\"BreadcrumbList\",\"@id\":\"https:\\\/\\\/e-framer.ch\\\/fr\\\/produkt\\\/bouteille-deau-avec-support-kopie-kopie\\\/#breadcrumb\",\"itemListElement\":[{\"@type\":\"ListItem\",\"position\":1,\"name\":\"Start\",\"item\":\"https:\\\/\\\/e-framer.ch\\\/fr\\\/\"},{\"@type\":\"ListItem\",\"position\":2,\"name\":\"Nos mod\u00e8les &amp; les accessoires\",\"item\":\"https:\\\/\\\/e-framer.ch\\\/shop\\\/\"},{\"@type\":\"ListItem\",\"position\":3,\"name\":\"Assurance e-bike premium\"}]},{\"@type\":\"WebSite\",\"@id\":\"https:\\\/\\\/e-framer.ch\\\/fr\\\/#website\",\"url\":\"https:\\\/\\\/e-framer.ch\\\/fr\\\/\",\"name\":\"eFRAMER \u2013 Premium Swiss e-Bikes & Services\",\"description\":\"Die Schweizer e-Bike Marke mit hochwertigen e-Bikes und Premium-Services.\",\"publisher\":{\"@id\":\"https:\\\/\\\/e-framer.ch\\\/fr\\\/#organization\"},\"potentialAction\":[{\"@type\":\"SearchAction\",\"target\":{\"@type\":\"EntryPoint\",\"urlTemplate\":\"https:\\\/\\\/e-framer.ch\\\/fr\\\/?s={search_term_string}\"},\"query-input\":{\"@type\":\"PropertyValueSpecification\",\"valueRequired\":true,\"valueName\":\"search_term_string\"}}],\"inLanguage\":\"fr-FR\"},{\"@type\":\"Organization\",\"@id\":\"https:\\\/\\\/e-framer.ch\\\/fr\\\/#organization\",\"name\":\"eFRAMER \u2013 Premium Swiss e-Bikes & Services\",\"url\":\"https:\\\/\\\/e-framer.ch\\\/fr\\\/\",\"logo\":{\"@type\":\"ImageObject\",\"inLanguage\":\"fr-FR\",\"@id\":\"https:\\\/\\\/e-framer.ch\\\/fr\\\/#\\\/schema\\\/logo\\\/image\\\/\",\"url\":\"https:\\\/\\\/e-framer.ch\\\/wp-content\\\/uploads\\\/2026\\\/01\\\/eFRAMER_FIGURATIVE_POS.svg\",\"contentUrl\":\"https:\\\/\\\/e-framer.ch\\\/wp-content\\\/uploads\\\/2026\\\/01\\\/eFRAMER_FIGURATIVE_POS.svg\",\"width\":\"50\",\"height\":\"50\",\"caption\":\"eFRAMER \u2013 Premium Swiss e-Bikes & Services\"},\"image\":{\"@id\":\"https:\\\/\\\/e-framer.ch\\\/fr\\\/#\\\/schema\\\/logo\\\/image\\\/\"},\"sameAs\":[\"https:\\\/\\\/www.facebook.com\\\/profile.php?id=100063641028577#\",\"https:\\\/\\\/www.instagram.com\\\/e_framer.ch\\\/\",\"https:\\\/\\\/www.youtube.com\\\/@eframer\"]}]}<\/script>\n<meta property=\"product:price:amount\" content=\"55.92\" \/>\n<meta property=\"product:price:currency\" content=\"CHF\" \/>\n<meta property=\"og:availability\" content=\"instock\" \/>\n<meta property=\"product:availability\" content=\"instock\" \/>\n<meta property=\"product:retailer_item_id\" content=\"Premium-SuisseVelo\" \/>\n<meta property=\"product:condition\" content=\"new\" \/>\n<!-- \/ Yoast SEO Premium plugin. -->","yoast_head_json":{"title":"Assurance e-bike premium - eFRAMER \u2013 Premium Swiss e-Bikes &amp; Services","robots":{"index":"index","follow":"follow","max-snippet":"max-snippet:-1","max-image-preview":"max-image-preview:large","max-video-preview":"max-video-preview:-1"},"canonical":"https:\/\/e-framer.ch\/fr\/produkt\/bouteille-deau-avec-support-kopie-kopie\/","og_locale":"fr_FR","og_type":"article","og_title":"Assurance e-bike premium","og_description":"Une panne ? Un dommage ? Un vol ? Ton v\u00e9lo \u00e9lectrique t'est cher - et co\u00fbteux. Toute m\u00e9saventure est donc tr\u00e8s ennuyeuse. Il n'est pas toujours possible de l'\u00e9viter. Mais tu peux t'assurer. L'assurance e-Bike Premium de Suisse Velo (Helvetia) te prot\u00e8ge toi et ton e-Bike contre le vol et les dommages. Inclus l'assistance en cas de panne et un v\u00e9lo de remplacement.","og_url":"https:\/\/e-framer.ch\/fr\/produkt\/bouteille-deau-avec-support-kopie-kopie\/","og_site_name":"eFRAMER \u2013 Premium Swiss e-Bikes &amp; Services","article_publisher":"https:\/\/www.facebook.com\/profile.php?id=100063641028577#","article_modified_time":"2026-04-25T22:15:59+00:00","og_image":[{"width":1000,"height":1000,"url":"https:\/\/e-framer.ch\/wp-content\/uploads\/2026\/03\/eFRAMER-Zubehoer.png","type":"image\/png"}],"twitter_card":"summary_large_image","twitter_misc":{"Prix":"&#67;&#72;&#70;&nbsp;55.92","Disponibilit\u00e9":"En stock"},"schema":{"@context":"https:\/\/schema.org","@graph":[{"@type":"WebPage","@id":"https:\/\/e-framer.ch\/fr\/produkt\/bouteille-deau-avec-support-kopie-kopie\/","url":"https:\/\/e-framer.ch\/fr\/produkt\/bouteille-deau-avec-support-kopie-kopie\/","name":"Assurance e-bike premium - eFRAMER \u2013 Premium Swiss e-Bikes &amp; Services","isPartOf":{"@id":"https:\/\/e-framer.ch\/fr\/#website"},"primaryImageOfPage":{"@id":"https:\/\/e-framer.ch\/fr\/produkt\/bouteille-deau-avec-support-kopie-kopie\/#primaryimage"},"image":{"@id":"https:\/\/e-framer.ch\/fr\/produkt\/bouteille-deau-avec-support-kopie-kopie\/#primaryimage"},"thumbnailUrl":"https:\/\/e-framer.ch\/wp-content\/uploads\/2026\/03\/eFRAMER-Zubehoer.png","datePublished":"2026-03-03T14:37:56+00:00","dateModified":"2026-04-25T22:15:59+00:00","breadcrumb":{"@id":"https:\/\/e-framer.ch\/fr\/produkt\/bouteille-deau-avec-support-kopie-kopie\/#breadcrumb"},"inLanguage":"fr-FR","potentialAction":[{"@type":"ReadAction","target":["https:\/\/e-framer.ch\/fr\/produkt\/bouteille-deau-avec-support-kopie-kopie\/"]}]},{"@type":"ImageObject","inLanguage":"fr-FR","@id":"https:\/\/e-framer.ch\/fr\/produkt\/bouteille-deau-avec-support-kopie-kopie\/#primaryimage","url":"https:\/\/e-framer.ch\/wp-content\/uploads\/2026\/03\/eFRAMER-Zubehoer.png","contentUrl":"https:\/\/e-framer.ch\/wp-content\/uploads\/2026\/03\/eFRAMER-Zubehoer.png","width":1000,"height":1000},{"@type":"BreadcrumbList","@id":"https:\/\/e-framer.ch\/fr\/produkt\/bouteille-deau-avec-support-kopie-kopie\/#breadcrumb","itemListElement":[{"@type":"ListItem","position":1,"name":"Start","item":"https:\/\/e-framer.ch\/fr\/"},{"@type":"ListItem","position":2,"name":"Nos mod\u00e8les &amp; les accessoires","item":"https:\/\/e-framer.ch\/shop\/"},{"@type":"ListItem","position":3,"name":"Assurance e-bike premium"}]},{"@type":"WebSite","@id":"https:\/\/e-framer.ch\/fr\/#website","url":"https:\/\/e-framer.ch\/fr\/","name":"eFRAMER \u2013 Premium Swiss e-Bikes & Services","description":"Die Schweizer e-Bike Marke mit hochwertigen e-Bikes und Premium-Services.","publisher":{"@id":"https:\/\/e-framer.ch\/fr\/#organization"},"potentialAction":[{"@type":"SearchAction","target":{"@type":"EntryPoint","urlTemplate":"https:\/\/e-framer.ch\/fr\/?s={search_term_string}"},"query-input":{"@type":"PropertyValueSpecification","valueRequired":true,"valueName":"search_term_string"}}],"inLanguage":"fr-FR"},{"@type":"Organization","@id":"https:\/\/e-framer.ch\/fr\/#organization","name":"eFRAMER \u2013 Premium Swiss e-Bikes & Services","url":"https:\/\/e-framer.ch\/fr\/","logo":{"@type":"ImageObject","inLanguage":"fr-FR","@id":"https:\/\/e-framer.ch\/fr\/#\/schema\/logo\/image\/","url":"https:\/\/e-framer.ch\/wp-content\/uploads\/2026\/01\/eFRAMER_FIGURATIVE_POS.svg","contentUrl":"https:\/\/e-framer.ch\/wp-content\/uploads\/2026\/01\/eFRAMER_FIGURATIVE_POS.svg","width":"50","height":"50","caption":"eFRAMER \u2013 Premium Swiss e-Bikes & Services"},"image":{"@id":"https:\/\/e-framer.ch\/fr\/#\/schema\/logo\/image\/"},"sameAs":["https:\/\/www.facebook.com\/profile.php?id=100063641028577#","https:\/\/www.instagram.com\/e_framer.ch\/","https:\/\/www.youtube.com\/@eframer"]}]},"product_price_amount":"55.92","product_price_currency":"CHF","og_availability":"instock","product_availability":"instock","product_retailer_item_id":"Premium-SuisseVelo","product_condition":"new"},"_links":{"self":[{"href":"https:\/\/e-framer.ch\/fr\/wp-json\/wp\/v2\/product\/178924","targetHints":{"allow":["GET"]}}],"collection":[{"href":"https:\/\/e-framer.ch\/fr\/wp-json\/wp\/v2\/product"}],"about":[{"href":"https:\/\/e-framer.ch\/fr\/wp-json\/wp\/v2\/types\/product"}],"wp:featuredmedia":[{"embeddable":true,"href":"https:\/\/e-framer.ch\/fr\/wp-json\/wp\/v2\/media\/179003"}],"wp:attachment":[{"href":"https:\/\/e-framer.ch\/fr\/wp-json\/wp\/v2\/media?parent=178924"}],"wp:term":[{"taxonomy":"product_brand","embeddable":true,"href":"https:\/\/e-framer.ch\/fr\/wp-json\/wp\/v2\/product_brand?post=178924"},{"taxonomy":"product_cat","embeddable":true,"href":"https:\/\/e-framer.ch\/fr\/wp-json\/wp\/v2\/product_cat?post=178924"},{"taxonomy":"product_tag","embeddable":true,"href":"https:\/\/e-framer.ch\/fr\/wp-json\/wp\/v2\/product_tag?post=178924"}],"curies":[{"name":"wp","href":"https:\/\/api.w.org\/{rel}","templated":true}]}}