{"id":178477,"date":"2026-02-25T09:07:35","date_gmt":"2026-02-25T09:07:35","guid":{"rendered":"https:\/\/e-framer.ch\/?post_type=product&#038;p=178477"},"modified":"2026-04-07T23:22:47","modified_gmt":"2026-04-07T23:22:47","slug":"poignees-de-guidon-gp1-evo-single-twist-shift-kopie","status":"publish","type":"product","link":"https:\/\/e-framer.ch\/fr\/produkt\/poignees-de-guidon-gp1-evo-single-twist-shift-kopie\/","title":{"rendered":"Poign\u00e9e de guidon GP \u2013 1Evo Small"},"content":{"rendered":"","protected":false},"excerpt":{"rendered":"<p>Le nouveau confort original \u2013 une ergonomie \u00e9prouv\u00e9e des millions de fois. Pour les tailles de main 6,5 \u00e0 8,5. Une ergonomie parfaite de la main pour une r\u00e9duction sensible de l&rsquo;inconfort. Les diff\u00e9rentes zones de textures suivent les zones fonctionnelles de la main en cyclisme. Beaucoup d&rsquo;adh\u00e9rence et de soutien au niveau du bout des doigts, confort et soutien, au niveau de la paume. Les ailes ergonomiques prot\u00e8gent contre la flexion du poignet et le possible syndrome du canal carpien.     <\/p>\n","protected":false},"featured_media":178490,"template":"","meta":[],"product_brand":[],"product_cat":[419,365,409,377,371,424,403,366],"product_tag":[],"class_list":{"0":"post-178477","1":"product","2":"type-product","3":"status-publish","4":"has-post-thumbnail","6":"product_cat-accessoires-cruise","7":"product_cat-accessoires-light","8":"product_cat-accessoires-pro","9":"product_cat-accessoires-sl","10":"product_cat-accessoires-sport","11":"product_cat-accessoires-tour","12":"product_cat-accessoires-travel","13":"product_cat-accessoires-vus","15":"first","16":"instock","17":"taxable","18":"shipping-taxable","19":"purchasable","20":"product-type-simple"},"yoast_head":"<!-- This site is optimized with the Yoast SEO Premium plugin v27.2 (Yoast SEO v27.2) - https:\/\/yoast.com\/product\/yoast-seo-premium-wordpress\/ -->\n<title>Poign\u00e9e de guidon GP - 1Evo Small - eFRAMER \u2013 Premium Swiss e-Bikes &amp; Services<\/title>\n<meta name=\"robots\" content=\"index, follow, max-snippet:-1, max-image-preview:large, max-video-preview:-1\" \/>\n<link rel=\"canonical\" href=\"https:\/\/e-framer.ch\/fr\/produkt\/poignees-de-guidon-gp1-evo-single-twist-shift-kopie\/\" \/>\n<meta property=\"og:locale\" content=\"fr_FR\" \/>\n<meta property=\"og:type\" content=\"article\" \/>\n<meta property=\"og:title\" content=\"Poign\u00e9e de guidon GP - 1Evo Small\" \/>\n<meta property=\"og:description\" content=\"Le nouveau confort original - une ergonomie \u00e9prouv\u00e9e des millions de fois. Pour les tailles de main 6,5 \u00e0 8,5. Une ergonomie parfaite de la main pour une r\u00e9duction sensible de l&#039;inconfort. Les diff\u00e9rentes zones de textures suivent les zones fonctionnelles de la main en cyclisme. Beaucoup d&#039;adh\u00e9rence et de soutien au niveau du bout des doigts, confort et soutien, au niveau de la paume. Les ailes ergonomiques prot\u00e8gent contre la flexion du poignet et le possible syndrome du canal carpien.\" \/>\n<meta property=\"og:url\" content=\"https:\/\/e-framer.ch\/fr\/produkt\/poignees-de-guidon-gp1-evo-single-twist-shift-kopie\/\" \/>\n<meta property=\"og:site_name\" content=\"eFRAMER \u2013 Premium Swiss e-Bikes &amp; Services\" \/>\n<meta property=\"article:publisher\" content=\"https:\/\/www.facebook.com\/profile.php?id=100063641028577#\" \/>\n<meta property=\"article:modified_time\" content=\"2026-04-07T23:22:47+00:00\" \/>\n<meta property=\"og:image\" content=\"https:\/\/e-framer.ch\/wp-content\/uploads\/2026\/02\/24.png\" \/>\n\t<meta property=\"og:image:width\" content=\"1000\" \/>\n\t<meta property=\"og:image:height\" content=\"1000\" \/>\n\t<meta property=\"og:image:type\" content=\"image\/png\" \/>\n<meta name=\"twitter:card\" content=\"summary_large_image\" \/>\n<meta name=\"twitter:label1\" content=\"Prix\" \/>\n\t<meta name=\"twitter:data1\" content=\"&#067;&#072;&#070;&nbsp;42.90\" \/>\n\t<meta name=\"twitter:label2\" content=\"Disponibilit\u00e9\" \/>\n\t<meta name=\"twitter:data2\" content=\"En stock\" \/>\n<script type=\"application\/ld+json\" class=\"yoast-schema-graph\">{\"@context\":\"https:\/\/schema.org\",\"@graph\":[{\"@type\":\"WebPage\",\"@id\":\"https:\/\/e-framer.ch\/fr\/produkt\/poignees-de-guidon-gp1-evo-single-twist-shift-kopie\/\",\"url\":\"https:\/\/e-framer.ch\/fr\/produkt\/poignees-de-guidon-gp1-evo-single-twist-shift-kopie\/\",\"name\":\"Poign\u00e9e de guidon GP - 1Evo Small - eFRAMER \u2013 Premium Swiss e-Bikes &amp; Services\",\"isPartOf\":{\"@id\":\"https:\/\/e-framer.ch\/fr\/#website\"},\"primaryImageOfPage\":{\"@id\":\"https:\/\/e-framer.ch\/fr\/produkt\/poignees-de-guidon-gp1-evo-single-twist-shift-kopie\/#primaryimage\"},\"image\":{\"@id\":\"https:\/\/e-framer.ch\/fr\/produkt\/poignees-de-guidon-gp1-evo-single-twist-shift-kopie\/#primaryimage\"},\"thumbnailUrl\":\"https:\/\/e-framer.ch\/wp-content\/uploads\/2026\/02\/24.png\",\"datePublished\":\"2026-02-25T09:07:35+00:00\",\"dateModified\":\"2026-04-07T23:22:47+00:00\",\"breadcrumb\":{\"@id\":\"https:\/\/e-framer.ch\/fr\/produkt\/poignees-de-guidon-gp1-evo-single-twist-shift-kopie\/#breadcrumb\"},\"inLanguage\":\"fr-FR\",\"potentialAction\":[{\"@type\":\"ReadAction\",\"target\":[\"https:\/\/e-framer.ch\/fr\/produkt\/poignees-de-guidon-gp1-evo-single-twist-shift-kopie\/\"]}]},{\"@type\":\"ImageObject\",\"inLanguage\":\"fr-FR\",\"@id\":\"https:\/\/e-framer.ch\/fr\/produkt\/poignees-de-guidon-gp1-evo-single-twist-shift-kopie\/#primaryimage\",\"url\":\"https:\/\/e-framer.ch\/wp-content\/uploads\/2026\/02\/24.png\",\"contentUrl\":\"https:\/\/e-framer.ch\/wp-content\/uploads\/2026\/02\/24.png\",\"width\":1000,\"height\":1000},{\"@type\":\"BreadcrumbList\",\"@id\":\"https:\/\/e-framer.ch\/fr\/produkt\/poignees-de-guidon-gp1-evo-single-twist-shift-kopie\/#breadcrumb\",\"itemListElement\":[{\"@type\":\"ListItem\",\"position\":1,\"name\":\"Start\",\"item\":\"https:\/\/e-framer.ch\/fr\/\"},{\"@type\":\"ListItem\",\"position\":2,\"name\":\"Nos mod\u00e8les &amp; les accessoires\",\"item\":\"https:\/\/e-framer.ch\/shop\/\"},{\"@type\":\"ListItem\",\"position\":3,\"name\":\"Poign\u00e9e de guidon GP \u2013 1Evo Small\"}]},{\"@type\":\"WebSite\",\"@id\":\"https:\/\/e-framer.ch\/fr\/#website\",\"url\":\"https:\/\/e-framer.ch\/fr\/\",\"name\":\"eFRAMER \u2013 Premium Swiss e-Bikes & Services\",\"description\":\"Die Schweizer e-Bike Marke mit hochwertigen e-Bikes und Premium-Services.\",\"publisher\":{\"@id\":\"https:\/\/e-framer.ch\/fr\/#organization\"},\"potentialAction\":[{\"@type\":\"SearchAction\",\"target\":{\"@type\":\"EntryPoint\",\"urlTemplate\":\"https:\/\/e-framer.ch\/fr\/?s={search_term_string}\"},\"query-input\":{\"@type\":\"PropertyValueSpecification\",\"valueRequired\":true,\"valueName\":\"search_term_string\"}}],\"inLanguage\":\"fr-FR\"},{\"@type\":\"Organization\",\"@id\":\"https:\/\/e-framer.ch\/fr\/#organization\",\"name\":\"eFRAMER \u2013 Premium Swiss e-Bikes & Services\",\"url\":\"https:\/\/e-framer.ch\/fr\/\",\"logo\":{\"@type\":\"ImageObject\",\"inLanguage\":\"fr-FR\",\"@id\":\"https:\/\/e-framer.ch\/fr\/#\/schema\/logo\/image\/\",\"url\":\"https:\/\/e-framer.ch\/wp-content\/uploads\/2026\/01\/eFRAMER_FIGURATIVE_POS.svg\",\"contentUrl\":\"https:\/\/e-framer.ch\/wp-content\/uploads\/2026\/01\/eFRAMER_FIGURATIVE_POS.svg\",\"width\":\"50\",\"height\":\"50\",\"caption\":\"eFRAMER \u2013 Premium Swiss e-Bikes & Services\"},\"image\":{\"@id\":\"https:\/\/e-framer.ch\/fr\/#\/schema\/logo\/image\/\"},\"sameAs\":[\"https:\/\/www.facebook.com\/profile.php?id=100063641028577#\",\"https:\/\/www.instagram.com\/e_framer.ch\/\",\"https:\/\/www.youtube.com\/@eframer\"]}]}<\/script>\n<meta property=\"product:price:amount\" content=\"42.90\" \/>\n<meta property=\"product:price:currency\" content=\"CHF\" \/>\n<meta property=\"og:availability\" content=\"instock\" \/>\n<meta property=\"product:availability\" content=\"instock\" \/>\n<meta property=\"product:retailer_item_id\" content=\"57270001\" \/>\n<meta property=\"product:condition\" content=\"new\" \/>\n<!-- \/ Yoast SEO Premium plugin. -->","yoast_head_json":{"title":"Poign\u00e9e de guidon GP - 1Evo Small - eFRAMER \u2013 Premium Swiss e-Bikes &amp; Services","robots":{"index":"index","follow":"follow","max-snippet":"max-snippet:-1","max-image-preview":"max-image-preview:large","max-video-preview":"max-video-preview:-1"},"canonical":"https:\/\/e-framer.ch\/fr\/produkt\/poignees-de-guidon-gp1-evo-single-twist-shift-kopie\/","og_locale":"fr_FR","og_type":"article","og_title":"Poign\u00e9e de guidon GP - 1Evo Small","og_description":"Le nouveau confort original - une ergonomie \u00e9prouv\u00e9e des millions de fois. Pour les tailles de main 6,5 \u00e0 8,5. Une ergonomie parfaite de la main pour une r\u00e9duction sensible de l'inconfort. Les diff\u00e9rentes zones de textures suivent les zones fonctionnelles de la main en cyclisme. Beaucoup d'adh\u00e9rence et de soutien au niveau du bout des doigts, confort et soutien, au niveau de la paume. Les ailes ergonomiques prot\u00e8gent contre la flexion du poignet et le possible syndrome du canal carpien.","og_url":"https:\/\/e-framer.ch\/fr\/produkt\/poignees-de-guidon-gp1-evo-single-twist-shift-kopie\/","og_site_name":"eFRAMER \u2013 Premium Swiss e-Bikes &amp; Services","article_publisher":"https:\/\/www.facebook.com\/profile.php?id=100063641028577#","article_modified_time":"2026-04-07T23:22:47+00:00","og_image":[{"width":1000,"height":1000,"url":"https:\/\/e-framer.ch\/wp-content\/uploads\/2026\/02\/24.png","type":"image\/png"}],"twitter_card":"summary_large_image","twitter_misc":{"Prix":"&#67;&#72;&#70;&nbsp;42.90","Disponibilit\u00e9":"En stock"},"schema":{"@context":"https:\/\/schema.org","@graph":[{"@type":"WebPage","@id":"https:\/\/e-framer.ch\/fr\/produkt\/poignees-de-guidon-gp1-evo-single-twist-shift-kopie\/","url":"https:\/\/e-framer.ch\/fr\/produkt\/poignees-de-guidon-gp1-evo-single-twist-shift-kopie\/","name":"Poign\u00e9e de guidon GP - 1Evo Small - eFRAMER \u2013 Premium Swiss e-Bikes &amp; Services","isPartOf":{"@id":"https:\/\/e-framer.ch\/fr\/#website"},"primaryImageOfPage":{"@id":"https:\/\/e-framer.ch\/fr\/produkt\/poignees-de-guidon-gp1-evo-single-twist-shift-kopie\/#primaryimage"},"image":{"@id":"https:\/\/e-framer.ch\/fr\/produkt\/poignees-de-guidon-gp1-evo-single-twist-shift-kopie\/#primaryimage"},"thumbnailUrl":"https:\/\/e-framer.ch\/wp-content\/uploads\/2026\/02\/24.png","datePublished":"2026-02-25T09:07:35+00:00","dateModified":"2026-04-07T23:22:47+00:00","breadcrumb":{"@id":"https:\/\/e-framer.ch\/fr\/produkt\/poignees-de-guidon-gp1-evo-single-twist-shift-kopie\/#breadcrumb"},"inLanguage":"fr-FR","potentialAction":[{"@type":"ReadAction","target":["https:\/\/e-framer.ch\/fr\/produkt\/poignees-de-guidon-gp1-evo-single-twist-shift-kopie\/"]}]},{"@type":"ImageObject","inLanguage":"fr-FR","@id":"https:\/\/e-framer.ch\/fr\/produkt\/poignees-de-guidon-gp1-evo-single-twist-shift-kopie\/#primaryimage","url":"https:\/\/e-framer.ch\/wp-content\/uploads\/2026\/02\/24.png","contentUrl":"https:\/\/e-framer.ch\/wp-content\/uploads\/2026\/02\/24.png","width":1000,"height":1000},{"@type":"BreadcrumbList","@id":"https:\/\/e-framer.ch\/fr\/produkt\/poignees-de-guidon-gp1-evo-single-twist-shift-kopie\/#breadcrumb","itemListElement":[{"@type":"ListItem","position":1,"name":"Start","item":"https:\/\/e-framer.ch\/fr\/"},{"@type":"ListItem","position":2,"name":"Nos mod\u00e8les &amp; les accessoires","item":"https:\/\/e-framer.ch\/shop\/"},{"@type":"ListItem","position":3,"name":"Poign\u00e9e de guidon GP \u2013 1Evo Small"}]},{"@type":"WebSite","@id":"https:\/\/e-framer.ch\/fr\/#website","url":"https:\/\/e-framer.ch\/fr\/","name":"eFRAMER \u2013 Premium Swiss e-Bikes & Services","description":"Die Schweizer e-Bike Marke mit hochwertigen e-Bikes und Premium-Services.","publisher":{"@id":"https:\/\/e-framer.ch\/fr\/#organization"},"potentialAction":[{"@type":"SearchAction","target":{"@type":"EntryPoint","urlTemplate":"https:\/\/e-framer.ch\/fr\/?s={search_term_string}"},"query-input":{"@type":"PropertyValueSpecification","valueRequired":true,"valueName":"search_term_string"}}],"inLanguage":"fr-FR"},{"@type":"Organization","@id":"https:\/\/e-framer.ch\/fr\/#organization","name":"eFRAMER \u2013 Premium Swiss e-Bikes & Services","url":"https:\/\/e-framer.ch\/fr\/","logo":{"@type":"ImageObject","inLanguage":"fr-FR","@id":"https:\/\/e-framer.ch\/fr\/#\/schema\/logo\/image\/","url":"https:\/\/e-framer.ch\/wp-content\/uploads\/2026\/01\/eFRAMER_FIGURATIVE_POS.svg","contentUrl":"https:\/\/e-framer.ch\/wp-content\/uploads\/2026\/01\/eFRAMER_FIGURATIVE_POS.svg","width":"50","height":"50","caption":"eFRAMER \u2013 Premium Swiss e-Bikes & Services"},"image":{"@id":"https:\/\/e-framer.ch\/fr\/#\/schema\/logo\/image\/"},"sameAs":["https:\/\/www.facebook.com\/profile.php?id=100063641028577#","https:\/\/www.instagram.com\/e_framer.ch\/","https:\/\/www.youtube.com\/@eframer"]}]},"product_price_amount":"42.90","product_price_currency":"CHF","og_availability":"instock","product_availability":"instock","product_retailer_item_id":"57270001","product_condition":"new"},"_links":{"self":[{"href":"https:\/\/e-framer.ch\/fr\/wp-json\/wp\/v2\/product\/178477","targetHints":{"allow":["GET"]}}],"collection":[{"href":"https:\/\/e-framer.ch\/fr\/wp-json\/wp\/v2\/product"}],"about":[{"href":"https:\/\/e-framer.ch\/fr\/wp-json\/wp\/v2\/types\/product"}],"wp:featuredmedia":[{"embeddable":true,"href":"https:\/\/e-framer.ch\/fr\/wp-json\/wp\/v2\/media\/178490"}],"wp:attachment":[{"href":"https:\/\/e-framer.ch\/fr\/wp-json\/wp\/v2\/media?parent=178477"}],"wp:term":[{"taxonomy":"product_brand","embeddable":true,"href":"https:\/\/e-framer.ch\/fr\/wp-json\/wp\/v2\/product_brand?post=178477"},{"taxonomy":"product_cat","embeddable":true,"href":"https:\/\/e-framer.ch\/fr\/wp-json\/wp\/v2\/product_cat?post=178477"},{"taxonomy":"product_tag","embeddable":true,"href":"https:\/\/e-framer.ch\/fr\/wp-json\/wp\/v2\/product_tag?post=178477"}],"curies":[{"name":"wp","href":"https:\/\/api.w.org\/{rel}","templated":true}]}}