{"id":173693,"date":"2026-01-28T11:53:06","date_gmt":"2026-01-28T11:53:06","guid":{"rendered":"https:\/\/e-framer.ch\/produkt\/eclairage-avant-installation-fixe\/"},"modified":"2026-03-27T13:01:24","modified_gmt":"2026-03-27T13:01:24","slug":"eclairage-avant-installation-fixe","status":"publish","type":"product","link":"https:\/\/e-framer.ch\/fr\/produkt\/eclairage-avant-installation-fixe\/","title":{"rendered":"Lumi\u00e8re avant, fixe"},"content":{"rendered":"","protected":false},"excerpt":{"rendered":"<p>Lampe avant Briq-S Premium de Busch et M\u00fcller pour les mod\u00e8les eMTB. Connect\u00e9 \u00e0 la batterie. 110 lux. Mont\u00e9 sur le guidon.   <\/p>\n","protected":false},"featured_media":176443,"template":"","meta":[],"product_brand":[],"product_cat":[409,371],"product_tag":[],"class_list":{"0":"post-173693","1":"product","2":"type-product","3":"status-publish","4":"has-post-thumbnail","6":"product_cat-accessoires-pro","7":"product_cat-accessoires-sport","9":"first","10":"instock","11":"taxable","12":"shipping-taxable","13":"purchasable","14":"product-type-simple"},"yoast_head":"<!-- This site is optimized with the Yoast SEO Premium plugin v27.2 (Yoast SEO v27.2) - https:\/\/yoast.com\/product\/yoast-seo-premium-wordpress\/ -->\n<title>Lumi\u00e8re avant, fixe - eFRAMER \u2013 Premium Swiss e-Bikes &amp; Services<\/title>\n<meta name=\"robots\" content=\"index, follow, max-snippet:-1, max-image-preview:large, max-video-preview:-1\" \/>\n<link rel=\"canonical\" href=\"https:\/\/e-framer.ch\/fr\/produkt\/eclairage-avant-installation-fixe\/\" \/>\n<meta property=\"og:locale\" content=\"fr_FR\" \/>\n<meta property=\"og:type\" content=\"article\" \/>\n<meta property=\"og:title\" content=\"Lumi\u00e8re avant, fixe\" \/>\n<meta property=\"og:description\" content=\"Lampe avant Briq-S Premium de Busch et M\u00fcller pour les mod\u00e8les eMTB. Connect\u00e9 \u00e0 la batterie. 110 lux. Mont\u00e9 sur le guidon.\" \/>\n<meta property=\"og:url\" content=\"https:\/\/e-framer.ch\/fr\/produkt\/eclairage-avant-installation-fixe\/\" \/>\n<meta property=\"og:site_name\" content=\"eFRAMER \u2013 Premium Swiss e-Bikes &amp; Services\" \/>\n<meta property=\"article:publisher\" content=\"https:\/\/www.facebook.com\/profile.php?id=100063641028577#\" \/>\n<meta property=\"article:modified_time\" content=\"2026-03-27T13:01:24+00:00\" \/>\n<meta property=\"og:image\" content=\"https:\/\/e-framer.ch\/wp-content\/uploads\/2026\/02\/5.png\" \/>\n\t<meta property=\"og:image:width\" content=\"1000\" \/>\n\t<meta property=\"og:image:height\" content=\"1000\" \/>\n\t<meta property=\"og:image:type\" content=\"image\/png\" \/>\n<meta name=\"twitter:card\" content=\"summary_large_image\" \/>\n<meta name=\"twitter:label1\" content=\"Prix\" \/>\n\t<meta name=\"twitter:data1\" content=\"&#067;&#072;&#070;&nbsp;89.90\" \/>\n\t<meta name=\"twitter:label2\" content=\"Disponibilit\u00e9\" \/>\n\t<meta name=\"twitter:data2\" content=\"En stock\" \/>\n<script type=\"application\/ld+json\" class=\"yoast-schema-graph\">{\"@context\":\"https:\/\/schema.org\",\"@graph\":[{\"@type\":\"WebPage\",\"@id\":\"https:\/\/e-framer.ch\/fr\/produkt\/eclairage-avant-installation-fixe\/\",\"url\":\"https:\/\/e-framer.ch\/fr\/produkt\/eclairage-avant-installation-fixe\/\",\"name\":\"Lumi\u00e8re avant, fixe - eFRAMER \u2013 Premium Swiss e-Bikes &amp; Services\",\"isPartOf\":{\"@id\":\"https:\/\/e-framer.ch\/fr\/#website\"},\"primaryImageOfPage\":{\"@id\":\"https:\/\/e-framer.ch\/fr\/produkt\/eclairage-avant-installation-fixe\/#primaryimage\"},\"image\":{\"@id\":\"https:\/\/e-framer.ch\/fr\/produkt\/eclairage-avant-installation-fixe\/#primaryimage\"},\"thumbnailUrl\":\"https:\/\/e-framer.ch\/wp-content\/uploads\/2026\/02\/5.png\",\"datePublished\":\"2026-01-28T11:53:06+00:00\",\"dateModified\":\"2026-03-27T13:01:24+00:00\",\"breadcrumb\":{\"@id\":\"https:\/\/e-framer.ch\/fr\/produkt\/eclairage-avant-installation-fixe\/#breadcrumb\"},\"inLanguage\":\"fr-FR\",\"potentialAction\":[{\"@type\":\"ReadAction\",\"target\":[\"https:\/\/e-framer.ch\/fr\/produkt\/eclairage-avant-installation-fixe\/\"]}]},{\"@type\":\"ImageObject\",\"inLanguage\":\"fr-FR\",\"@id\":\"https:\/\/e-framer.ch\/fr\/produkt\/eclairage-avant-installation-fixe\/#primaryimage\",\"url\":\"https:\/\/e-framer.ch\/wp-content\/uploads\/2026\/02\/5.png\",\"contentUrl\":\"https:\/\/e-framer.ch\/wp-content\/uploads\/2026\/02\/5.png\",\"width\":1000,\"height\":1000},{\"@type\":\"BreadcrumbList\",\"@id\":\"https:\/\/e-framer.ch\/fr\/produkt\/eclairage-avant-installation-fixe\/#breadcrumb\",\"itemListElement\":[{\"@type\":\"ListItem\",\"position\":1,\"name\":\"Start\",\"item\":\"https:\/\/e-framer.ch\/fr\/\"},{\"@type\":\"ListItem\",\"position\":2,\"name\":\"Nos mod\u00e8les &amp; les accessoires\",\"item\":\"https:\/\/e-framer.ch\/shop\/\"},{\"@type\":\"ListItem\",\"position\":3,\"name\":\"Lumi\u00e8re avant, fixe\"}]},{\"@type\":\"WebSite\",\"@id\":\"https:\/\/e-framer.ch\/fr\/#website\",\"url\":\"https:\/\/e-framer.ch\/fr\/\",\"name\":\"eFRAMER \u2013 Premium Swiss e-Bikes & Services\",\"description\":\"Die Schweizer e-Bike Marke mit hochwertigen e-Bikes und Premium-Services.\",\"publisher\":{\"@id\":\"https:\/\/e-framer.ch\/fr\/#organization\"},\"potentialAction\":[{\"@type\":\"SearchAction\",\"target\":{\"@type\":\"EntryPoint\",\"urlTemplate\":\"https:\/\/e-framer.ch\/fr\/?s={search_term_string}\"},\"query-input\":{\"@type\":\"PropertyValueSpecification\",\"valueRequired\":true,\"valueName\":\"search_term_string\"}}],\"inLanguage\":\"fr-FR\"},{\"@type\":\"Organization\",\"@id\":\"https:\/\/e-framer.ch\/fr\/#organization\",\"name\":\"eFRAMER \u2013 Premium Swiss e-Bikes & Services\",\"url\":\"https:\/\/e-framer.ch\/fr\/\",\"logo\":{\"@type\":\"ImageObject\",\"inLanguage\":\"fr-FR\",\"@id\":\"https:\/\/e-framer.ch\/fr\/#\/schema\/logo\/image\/\",\"url\":\"https:\/\/e-framer.ch\/wp-content\/uploads\/2026\/01\/eFRAMER_FIGURATIVE_POS.svg\",\"contentUrl\":\"https:\/\/e-framer.ch\/wp-content\/uploads\/2026\/01\/eFRAMER_FIGURATIVE_POS.svg\",\"width\":\"50\",\"height\":\"50\",\"caption\":\"eFRAMER \u2013 Premium Swiss e-Bikes & Services\"},\"image\":{\"@id\":\"https:\/\/e-framer.ch\/fr\/#\/schema\/logo\/image\/\"},\"sameAs\":[\"https:\/\/www.facebook.com\/profile.php?id=100063641028577#\",\"https:\/\/www.instagram.com\/e_framer.ch\/\",\"https:\/\/www.youtube.com\/@eframer\"]}]}<\/script>\n<meta property=\"product:price:amount\" content=\"89.90\" \/>\n<meta property=\"product:price:currency\" content=\"CHF\" \/>\n<meta property=\"og:availability\" content=\"instock\" \/>\n<meta property=\"product:availability\" content=\"instock\" \/>\n<meta property=\"product:retailer_item_id\" content=\"57140173-57140174-57140188\" \/>\n<meta property=\"product:condition\" content=\"new\" \/>\n<!-- \/ Yoast SEO Premium plugin. -->","yoast_head_json":{"title":"Lumi\u00e8re avant, fixe - eFRAMER \u2013 Premium Swiss e-Bikes &amp; Services","robots":{"index":"index","follow":"follow","max-snippet":"max-snippet:-1","max-image-preview":"max-image-preview:large","max-video-preview":"max-video-preview:-1"},"canonical":"https:\/\/e-framer.ch\/fr\/produkt\/eclairage-avant-installation-fixe\/","og_locale":"fr_FR","og_type":"article","og_title":"Lumi\u00e8re avant, fixe","og_description":"Lampe avant Briq-S Premium de Busch et M\u00fcller pour les mod\u00e8les eMTB. Connect\u00e9 \u00e0 la batterie. 110 lux. Mont\u00e9 sur le guidon.","og_url":"https:\/\/e-framer.ch\/fr\/produkt\/eclairage-avant-installation-fixe\/","og_site_name":"eFRAMER \u2013 Premium Swiss e-Bikes &amp; Services","article_publisher":"https:\/\/www.facebook.com\/profile.php?id=100063641028577#","article_modified_time":"2026-03-27T13:01:24+00:00","og_image":[{"width":1000,"height":1000,"url":"https:\/\/e-framer.ch\/wp-content\/uploads\/2026\/02\/5.png","type":"image\/png"}],"twitter_card":"summary_large_image","twitter_misc":{"Prix":"&#67;&#72;&#70;&nbsp;89.90","Disponibilit\u00e9":"En stock"},"schema":{"@context":"https:\/\/schema.org","@graph":[{"@type":"WebPage","@id":"https:\/\/e-framer.ch\/fr\/produkt\/eclairage-avant-installation-fixe\/","url":"https:\/\/e-framer.ch\/fr\/produkt\/eclairage-avant-installation-fixe\/","name":"Lumi\u00e8re avant, fixe - eFRAMER \u2013 Premium Swiss e-Bikes &amp; Services","isPartOf":{"@id":"https:\/\/e-framer.ch\/fr\/#website"},"primaryImageOfPage":{"@id":"https:\/\/e-framer.ch\/fr\/produkt\/eclairage-avant-installation-fixe\/#primaryimage"},"image":{"@id":"https:\/\/e-framer.ch\/fr\/produkt\/eclairage-avant-installation-fixe\/#primaryimage"},"thumbnailUrl":"https:\/\/e-framer.ch\/wp-content\/uploads\/2026\/02\/5.png","datePublished":"2026-01-28T11:53:06+00:00","dateModified":"2026-03-27T13:01:24+00:00","breadcrumb":{"@id":"https:\/\/e-framer.ch\/fr\/produkt\/eclairage-avant-installation-fixe\/#breadcrumb"},"inLanguage":"fr-FR","potentialAction":[{"@type":"ReadAction","target":["https:\/\/e-framer.ch\/fr\/produkt\/eclairage-avant-installation-fixe\/"]}]},{"@type":"ImageObject","inLanguage":"fr-FR","@id":"https:\/\/e-framer.ch\/fr\/produkt\/eclairage-avant-installation-fixe\/#primaryimage","url":"https:\/\/e-framer.ch\/wp-content\/uploads\/2026\/02\/5.png","contentUrl":"https:\/\/e-framer.ch\/wp-content\/uploads\/2026\/02\/5.png","width":1000,"height":1000},{"@type":"BreadcrumbList","@id":"https:\/\/e-framer.ch\/fr\/produkt\/eclairage-avant-installation-fixe\/#breadcrumb","itemListElement":[{"@type":"ListItem","position":1,"name":"Start","item":"https:\/\/e-framer.ch\/fr\/"},{"@type":"ListItem","position":2,"name":"Nos mod\u00e8les &amp; les accessoires","item":"https:\/\/e-framer.ch\/shop\/"},{"@type":"ListItem","position":3,"name":"Lumi\u00e8re avant, fixe"}]},{"@type":"WebSite","@id":"https:\/\/e-framer.ch\/fr\/#website","url":"https:\/\/e-framer.ch\/fr\/","name":"eFRAMER \u2013 Premium Swiss e-Bikes & Services","description":"Die Schweizer e-Bike Marke mit hochwertigen e-Bikes und Premium-Services.","publisher":{"@id":"https:\/\/e-framer.ch\/fr\/#organization"},"potentialAction":[{"@type":"SearchAction","target":{"@type":"EntryPoint","urlTemplate":"https:\/\/e-framer.ch\/fr\/?s={search_term_string}"},"query-input":{"@type":"PropertyValueSpecification","valueRequired":true,"valueName":"search_term_string"}}],"inLanguage":"fr-FR"},{"@type":"Organization","@id":"https:\/\/e-framer.ch\/fr\/#organization","name":"eFRAMER \u2013 Premium Swiss e-Bikes & Services","url":"https:\/\/e-framer.ch\/fr\/","logo":{"@type":"ImageObject","inLanguage":"fr-FR","@id":"https:\/\/e-framer.ch\/fr\/#\/schema\/logo\/image\/","url":"https:\/\/e-framer.ch\/wp-content\/uploads\/2026\/01\/eFRAMER_FIGURATIVE_POS.svg","contentUrl":"https:\/\/e-framer.ch\/wp-content\/uploads\/2026\/01\/eFRAMER_FIGURATIVE_POS.svg","width":"50","height":"50","caption":"eFRAMER \u2013 Premium Swiss e-Bikes & Services"},"image":{"@id":"https:\/\/e-framer.ch\/fr\/#\/schema\/logo\/image\/"},"sameAs":["https:\/\/www.facebook.com\/profile.php?id=100063641028577#","https:\/\/www.instagram.com\/e_framer.ch\/","https:\/\/www.youtube.com\/@eframer"]}]},"product_price_amount":"89.90","product_price_currency":"CHF","og_availability":"instock","product_availability":"instock","product_retailer_item_id":"57140173-57140174-57140188","product_condition":"new"},"_links":{"self":[{"href":"https:\/\/e-framer.ch\/fr\/wp-json\/wp\/v2\/product\/173693","targetHints":{"allow":["GET"]}}],"collection":[{"href":"https:\/\/e-framer.ch\/fr\/wp-json\/wp\/v2\/product"}],"about":[{"href":"https:\/\/e-framer.ch\/fr\/wp-json\/wp\/v2\/types\/product"}],"wp:featuredmedia":[{"embeddable":true,"href":"https:\/\/e-framer.ch\/fr\/wp-json\/wp\/v2\/media\/176443"}],"wp:attachment":[{"href":"https:\/\/e-framer.ch\/fr\/wp-json\/wp\/v2\/media?parent=173693"}],"wp:term":[{"taxonomy":"product_brand","embeddable":true,"href":"https:\/\/e-framer.ch\/fr\/wp-json\/wp\/v2\/product_brand?post=173693"},{"taxonomy":"product_cat","embeddable":true,"href":"https:\/\/e-framer.ch\/fr\/wp-json\/wp\/v2\/product_cat?post=173693"},{"taxonomy":"product_tag","embeddable":true,"href":"https:\/\/e-framer.ch\/fr\/wp-json\/wp\/v2\/product_tag?post=173693"}],"curies":[{"name":"wp","href":"https:\/\/api.w.org\/{rel}","templated":true}]}}