{"id":173671,"date":"2026-01-28T12:08:08","date_gmt":"2026-01-28T12:08:08","guid":{"rendered":"https:\/\/e-framer.ch\/produkt\/pedales-automatiques\/"},"modified":"2026-04-07T23:21:52","modified_gmt":"2026-04-07T23:21:52","slug":"pedales-automatiques","status":"publish","type":"product","link":"https:\/\/e-framer.ch\/fr\/produkt\/pedales-automatiques\/","title":{"rendered":"P\u00e9dales avec clic"},"content":{"rendered":"","protected":false},"excerpt":{"rendered":"<p>Cette p\u00e9dale \u00e0 clic de Shimano offre la fonctionnalit\u00e9 SPD \u00e9prouv\u00e9e. Gr\u00e2ce \u00e0 son autonettoyage, elle s&rsquo;encrasse moins que les autres p\u00e9dales. La duret\u00e9 de d\u00e9clenchement r\u00e9glable permet un ajustement individuel. Compatible avec tous les mod\u00e8les \u2013 Remarque : l&rsquo;eAlpin SL est \u00e9quip\u00e9 de mani\u00e8re standard sans p\u00e9dales !   <\/p>\n","protected":false},"featured_media":176479,"template":"","meta":[],"product_brand":[],"product_cat":[414,419,365,409,377,371,424,403,366],"product_tag":[],"class_list":{"0":"post-173671","1":"product","2":"type-product","3":"status-publish","4":"has-post-thumbnail","6":"product_cat-accessoires-courroie","7":"product_cat-accessoires-cruise","8":"product_cat-accessoires-light","9":"product_cat-accessoires-pro","10":"product_cat-accessoires-sl","11":"product_cat-accessoires-sport","12":"product_cat-accessoires-tour","13":"product_cat-accessoires-travel","14":"product_cat-accessoires-vus","16":"first","17":"instock","18":"taxable","19":"shipping-taxable","20":"purchasable","21":"product-type-simple"},"yoast_head":"<!-- This site is optimized with the Yoast SEO Premium plugin v27.2 (Yoast SEO v27.2) - https:\/\/yoast.com\/product\/yoast-seo-premium-wordpress\/ -->\n<title>P\u00e9dales avec clic - eFRAMER \u2013 Premium Swiss e-Bikes &amp; Services<\/title>\n<meta name=\"robots\" content=\"index, follow, max-snippet:-1, max-image-preview:large, max-video-preview:-1\" \/>\n<link rel=\"canonical\" href=\"https:\/\/e-framer.ch\/fr\/produkt\/pedales-automatiques\/\" \/>\n<meta property=\"og:locale\" content=\"fr_FR\" \/>\n<meta property=\"og:type\" content=\"article\" \/>\n<meta property=\"og:title\" content=\"P\u00e9dales avec clic\" \/>\n<meta property=\"og:description\" content=\"Cette p\u00e9dale \u00e0 clic de Shimano offre la fonctionnalit\u00e9 SPD \u00e9prouv\u00e9e. Gr\u00e2ce \u00e0 son autonettoyage, elle s&#039;encrasse moins que les autres p\u00e9dales. La duret\u00e9 de d\u00e9clenchement r\u00e9glable permet un ajustement individuel. Compatible avec tous les mod\u00e8les - Remarque : l&#039;eAlpin SL est \u00e9quip\u00e9 de mani\u00e8re standard sans p\u00e9dales !\" \/>\n<meta property=\"og:url\" content=\"https:\/\/e-framer.ch\/fr\/produkt\/pedales-automatiques\/\" \/>\n<meta property=\"og:site_name\" content=\"eFRAMER \u2013 Premium Swiss e-Bikes &amp; Services\" \/>\n<meta property=\"article:publisher\" content=\"https:\/\/www.facebook.com\/profile.php?id=100063641028577#\" \/>\n<meta property=\"article:modified_time\" content=\"2026-04-07T23:21:52+00:00\" \/>\n<meta property=\"og:image\" content=\"https:\/\/e-framer.ch\/wp-content\/uploads\/2026\/02\/14.png\" \/>\n\t<meta property=\"og:image:width\" content=\"1000\" \/>\n\t<meta property=\"og:image:height\" content=\"1000\" \/>\n\t<meta property=\"og:image:type\" content=\"image\/png\" \/>\n<meta name=\"twitter:card\" content=\"summary_large_image\" \/>\n<meta name=\"twitter:label1\" content=\"Prix\" \/>\n\t<meta name=\"twitter:data1\" content=\"&#067;&#072;&#070;&nbsp;74.95\" \/>\n\t<meta name=\"twitter:label2\" content=\"Disponibilit\u00e9\" \/>\n\t<meta name=\"twitter:data2\" content=\"En stock\" \/>\n<script type=\"application\/ld+json\" class=\"yoast-schema-graph\">{\"@context\":\"https:\/\/schema.org\",\"@graph\":[{\"@type\":\"WebPage\",\"@id\":\"https:\/\/e-framer.ch\/fr\/produkt\/pedales-automatiques\/\",\"url\":\"https:\/\/e-framer.ch\/fr\/produkt\/pedales-automatiques\/\",\"name\":\"P\u00e9dales avec clic - eFRAMER \u2013 Premium Swiss e-Bikes &amp; Services\",\"isPartOf\":{\"@id\":\"https:\/\/e-framer.ch\/fr\/#website\"},\"primaryImageOfPage\":{\"@id\":\"https:\/\/e-framer.ch\/fr\/produkt\/pedales-automatiques\/#primaryimage\"},\"image\":{\"@id\":\"https:\/\/e-framer.ch\/fr\/produkt\/pedales-automatiques\/#primaryimage\"},\"thumbnailUrl\":\"https:\/\/e-framer.ch\/wp-content\/uploads\/2026\/02\/14.png\",\"datePublished\":\"2026-01-28T12:08:08+00:00\",\"dateModified\":\"2026-04-07T23:21:52+00:00\",\"breadcrumb\":{\"@id\":\"https:\/\/e-framer.ch\/fr\/produkt\/pedales-automatiques\/#breadcrumb\"},\"inLanguage\":\"fr-FR\",\"potentialAction\":[{\"@type\":\"ReadAction\",\"target\":[\"https:\/\/e-framer.ch\/fr\/produkt\/pedales-automatiques\/\"]}]},{\"@type\":\"ImageObject\",\"inLanguage\":\"fr-FR\",\"@id\":\"https:\/\/e-framer.ch\/fr\/produkt\/pedales-automatiques\/#primaryimage\",\"url\":\"https:\/\/e-framer.ch\/wp-content\/uploads\/2026\/02\/14.png\",\"contentUrl\":\"https:\/\/e-framer.ch\/wp-content\/uploads\/2026\/02\/14.png\",\"width\":1000,\"height\":1000},{\"@type\":\"BreadcrumbList\",\"@id\":\"https:\/\/e-framer.ch\/fr\/produkt\/pedales-automatiques\/#breadcrumb\",\"itemListElement\":[{\"@type\":\"ListItem\",\"position\":1,\"name\":\"Start\",\"item\":\"https:\/\/e-framer.ch\/fr\/\"},{\"@type\":\"ListItem\",\"position\":2,\"name\":\"Nos mod\u00e8les &amp; les accessoires\",\"item\":\"https:\/\/e-framer.ch\/shop\/\"},{\"@type\":\"ListItem\",\"position\":3,\"name\":\"P\u00e9dales avec clic\"}]},{\"@type\":\"WebSite\",\"@id\":\"https:\/\/e-framer.ch\/fr\/#website\",\"url\":\"https:\/\/e-framer.ch\/fr\/\",\"name\":\"eFRAMER \u2013 Premium Swiss e-Bikes & Services\",\"description\":\"Die Schweizer e-Bike Marke mit hochwertigen e-Bikes und Premium-Services.\",\"publisher\":{\"@id\":\"https:\/\/e-framer.ch\/fr\/#organization\"},\"potentialAction\":[{\"@type\":\"SearchAction\",\"target\":{\"@type\":\"EntryPoint\",\"urlTemplate\":\"https:\/\/e-framer.ch\/fr\/?s={search_term_string}\"},\"query-input\":{\"@type\":\"PropertyValueSpecification\",\"valueRequired\":true,\"valueName\":\"search_term_string\"}}],\"inLanguage\":\"fr-FR\"},{\"@type\":\"Organization\",\"@id\":\"https:\/\/e-framer.ch\/fr\/#organization\",\"name\":\"eFRAMER \u2013 Premium Swiss e-Bikes & Services\",\"url\":\"https:\/\/e-framer.ch\/fr\/\",\"logo\":{\"@type\":\"ImageObject\",\"inLanguage\":\"fr-FR\",\"@id\":\"https:\/\/e-framer.ch\/fr\/#\/schema\/logo\/image\/\",\"url\":\"https:\/\/e-framer.ch\/wp-content\/uploads\/2026\/01\/eFRAMER_FIGURATIVE_POS.svg\",\"contentUrl\":\"https:\/\/e-framer.ch\/wp-content\/uploads\/2026\/01\/eFRAMER_FIGURATIVE_POS.svg\",\"width\":\"50\",\"height\":\"50\",\"caption\":\"eFRAMER \u2013 Premium Swiss e-Bikes & Services\"},\"image\":{\"@id\":\"https:\/\/e-framer.ch\/fr\/#\/schema\/logo\/image\/\"},\"sameAs\":[\"https:\/\/www.facebook.com\/profile.php?id=100063641028577#\",\"https:\/\/www.instagram.com\/e_framer.ch\/\",\"https:\/\/www.youtube.com\/@eframer\"]}]}<\/script>\n<meta property=\"product:price:amount\" content=\"74.95\" \/>\n<meta property=\"product:price:currency\" content=\"CHF\" \/>\n<meta property=\"og:availability\" content=\"instock\" \/>\n<meta property=\"product:availability\" content=\"instock\" \/>\n<meta property=\"product:retailer_item_id\" content=\"57260075\" \/>\n<meta property=\"product:condition\" content=\"new\" \/>\n<!-- \/ Yoast SEO Premium plugin. -->","yoast_head_json":{"title":"P\u00e9dales avec clic - eFRAMER \u2013 Premium Swiss e-Bikes &amp; Services","robots":{"index":"index","follow":"follow","max-snippet":"max-snippet:-1","max-image-preview":"max-image-preview:large","max-video-preview":"max-video-preview:-1"},"canonical":"https:\/\/e-framer.ch\/fr\/produkt\/pedales-automatiques\/","og_locale":"fr_FR","og_type":"article","og_title":"P\u00e9dales avec clic","og_description":"Cette p\u00e9dale \u00e0 clic de Shimano offre la fonctionnalit\u00e9 SPD \u00e9prouv\u00e9e. Gr\u00e2ce \u00e0 son autonettoyage, elle s'encrasse moins que les autres p\u00e9dales. La duret\u00e9 de d\u00e9clenchement r\u00e9glable permet un ajustement individuel. Compatible avec tous les mod\u00e8les - Remarque : l'eAlpin SL est \u00e9quip\u00e9 de mani\u00e8re standard sans p\u00e9dales !","og_url":"https:\/\/e-framer.ch\/fr\/produkt\/pedales-automatiques\/","og_site_name":"eFRAMER \u2013 Premium Swiss e-Bikes &amp; Services","article_publisher":"https:\/\/www.facebook.com\/profile.php?id=100063641028577#","article_modified_time":"2026-04-07T23:21:52+00:00","og_image":[{"width":1000,"height":1000,"url":"https:\/\/e-framer.ch\/wp-content\/uploads\/2026\/02\/14.png","type":"image\/png"}],"twitter_card":"summary_large_image","twitter_misc":{"Prix":"&#67;&#72;&#70;&nbsp;74.95","Disponibilit\u00e9":"En stock"},"schema":{"@context":"https:\/\/schema.org","@graph":[{"@type":"WebPage","@id":"https:\/\/e-framer.ch\/fr\/produkt\/pedales-automatiques\/","url":"https:\/\/e-framer.ch\/fr\/produkt\/pedales-automatiques\/","name":"P\u00e9dales avec clic - eFRAMER \u2013 Premium Swiss e-Bikes &amp; Services","isPartOf":{"@id":"https:\/\/e-framer.ch\/fr\/#website"},"primaryImageOfPage":{"@id":"https:\/\/e-framer.ch\/fr\/produkt\/pedales-automatiques\/#primaryimage"},"image":{"@id":"https:\/\/e-framer.ch\/fr\/produkt\/pedales-automatiques\/#primaryimage"},"thumbnailUrl":"https:\/\/e-framer.ch\/wp-content\/uploads\/2026\/02\/14.png","datePublished":"2026-01-28T12:08:08+00:00","dateModified":"2026-04-07T23:21:52+00:00","breadcrumb":{"@id":"https:\/\/e-framer.ch\/fr\/produkt\/pedales-automatiques\/#breadcrumb"},"inLanguage":"fr-FR","potentialAction":[{"@type":"ReadAction","target":["https:\/\/e-framer.ch\/fr\/produkt\/pedales-automatiques\/"]}]},{"@type":"ImageObject","inLanguage":"fr-FR","@id":"https:\/\/e-framer.ch\/fr\/produkt\/pedales-automatiques\/#primaryimage","url":"https:\/\/e-framer.ch\/wp-content\/uploads\/2026\/02\/14.png","contentUrl":"https:\/\/e-framer.ch\/wp-content\/uploads\/2026\/02\/14.png","width":1000,"height":1000},{"@type":"BreadcrumbList","@id":"https:\/\/e-framer.ch\/fr\/produkt\/pedales-automatiques\/#breadcrumb","itemListElement":[{"@type":"ListItem","position":1,"name":"Start","item":"https:\/\/e-framer.ch\/fr\/"},{"@type":"ListItem","position":2,"name":"Nos mod\u00e8les &amp; les accessoires","item":"https:\/\/e-framer.ch\/shop\/"},{"@type":"ListItem","position":3,"name":"P\u00e9dales avec clic"}]},{"@type":"WebSite","@id":"https:\/\/e-framer.ch\/fr\/#website","url":"https:\/\/e-framer.ch\/fr\/","name":"eFRAMER \u2013 Premium Swiss e-Bikes & Services","description":"Die Schweizer e-Bike Marke mit hochwertigen e-Bikes und Premium-Services.","publisher":{"@id":"https:\/\/e-framer.ch\/fr\/#organization"},"potentialAction":[{"@type":"SearchAction","target":{"@type":"EntryPoint","urlTemplate":"https:\/\/e-framer.ch\/fr\/?s={search_term_string}"},"query-input":{"@type":"PropertyValueSpecification","valueRequired":true,"valueName":"search_term_string"}}],"inLanguage":"fr-FR"},{"@type":"Organization","@id":"https:\/\/e-framer.ch\/fr\/#organization","name":"eFRAMER \u2013 Premium Swiss e-Bikes & Services","url":"https:\/\/e-framer.ch\/fr\/","logo":{"@type":"ImageObject","inLanguage":"fr-FR","@id":"https:\/\/e-framer.ch\/fr\/#\/schema\/logo\/image\/","url":"https:\/\/e-framer.ch\/wp-content\/uploads\/2026\/01\/eFRAMER_FIGURATIVE_POS.svg","contentUrl":"https:\/\/e-framer.ch\/wp-content\/uploads\/2026\/01\/eFRAMER_FIGURATIVE_POS.svg","width":"50","height":"50","caption":"eFRAMER \u2013 Premium Swiss e-Bikes & Services"},"image":{"@id":"https:\/\/e-framer.ch\/fr\/#\/schema\/logo\/image\/"},"sameAs":["https:\/\/www.facebook.com\/profile.php?id=100063641028577#","https:\/\/www.instagram.com\/e_framer.ch\/","https:\/\/www.youtube.com\/@eframer"]}]},"product_price_amount":"74.95","product_price_currency":"CHF","og_availability":"instock","product_availability":"instock","product_retailer_item_id":"57260075","product_condition":"new"},"_links":{"self":[{"href":"https:\/\/e-framer.ch\/fr\/wp-json\/wp\/v2\/product\/173671","targetHints":{"allow":["GET"]}}],"collection":[{"href":"https:\/\/e-framer.ch\/fr\/wp-json\/wp\/v2\/product"}],"about":[{"href":"https:\/\/e-framer.ch\/fr\/wp-json\/wp\/v2\/types\/product"}],"wp:featuredmedia":[{"embeddable":true,"href":"https:\/\/e-framer.ch\/fr\/wp-json\/wp\/v2\/media\/176479"}],"wp:attachment":[{"href":"https:\/\/e-framer.ch\/fr\/wp-json\/wp\/v2\/media?parent=173671"}],"wp:term":[{"taxonomy":"product_brand","embeddable":true,"href":"https:\/\/e-framer.ch\/fr\/wp-json\/wp\/v2\/product_brand?post=173671"},{"taxonomy":"product_cat","embeddable":true,"href":"https:\/\/e-framer.ch\/fr\/wp-json\/wp\/v2\/product_cat?post=173671"},{"taxonomy":"product_tag","embeddable":true,"href":"https:\/\/e-framer.ch\/fr\/wp-json\/wp\/v2\/product_tag?post=173671"}],"curies":[{"name":"wp","href":"https:\/\/api.w.org\/{rel}","templated":true}]}}